{"id":80,"date":"2017-09-05T10:49:47","date_gmt":"2017-09-05T13:49:47","guid":{"rendered":"http:\/\/demo.curlythemes.com\/art-gallery-wp\/?page_id=80"},"modified":"2025-10-15T15:44:51","modified_gmt":"2025-10-15T18:44:51","slug":"sobre","status":"publish","type":"page","link":"https:\/\/selaron.omgfx.com.br\/?page_id=80","title":{"rendered":"Quem Foi Selar\u00f3n"},"content":{"rendered":"[vc_row full_width=&#8221;stretch_row&#8221; curly_bg_repeat=&#8221;bg-no-repeat&#8221; curly_bg_position=&#8221;bg-pos-center-bottom&#8221; curly_padding=&#8221;content-padding-lg&#8221; css=&#8221;.vc_custom_1504179041831{padding-top: 15% !important;background-color: #f5f5f5 !important;background-position: center !important;background-repeat: no-repeat !important;background-size: cover !important;}&#8221;][vc_column width=&#8221;1\/2&#8243;][vc_column_text]\n<h1 class=\"display-1\">Quem foi Selar\u00f3n<\/h1>\n[\/vc_column_text][vc_empty_space height=&#8221;&#8221; el_class=&#8221;xtd-spacer&#8211;lg&#8221;][vc_column_text]\n<p class=\"lead2\">Jorge Em\u00edlio Perez Moralez, mais conhecido como Selar\u00f3n, foi um pintor e ceramista autodidata chileno nascido na regi\u00e3o de Limache em 1947 e falecido no Rio de Janeiro em janeiro de 2013, aos 66 anos de idade.<\/p>\n<p>A curiosidade de Selar\u00f3n foi agu\u00e7ada ainda nos anos 50, quando teve a oportunidade de fazer uma visita para Buenos Aires aos 10 anos, onde decidiu conhecer o mundo. Aos 17 anos viajou escondido num navio at\u00e9 chegar na Europa, vivendo de aulas de t\u00eanis onde pudesse. Segundo o pr\u00f3prio viajou por 57 pa\u00edses pelo mundo, principalmente pela Europa, passando at\u00e9 mesmo uma temporada na \u00cdndia, at\u00e9 que finalmente decidiu fincar suas ra\u00edzes no Rio de Janeiro.<\/p>\n<p>Escolheu o Rio de Janeiro por ser uma das poucas cidades do mundo, ao lado de Nova York, onde existiam \u201cmulheres negras gr\u00e1vidas\u201d, igual as que desenhava em suas telas e azulejos. Chegou ao Rio de Janeiro no final dos anos 80, mas s\u00f3 fixou resid\u00eancia na Lapa nos anos 90. Passou a trocar e vender seus quadros em muitos dos restaurantes da regi\u00e3o. O que acabou se tornando uma jogada inteligente, ao mesmo tempo em que conseguia alimenta\u00e7\u00e3o na regi\u00e3o, tamb\u00e9m conseguia expor seu trabalho para os turistas que passavam por aquela \u00e1rea do Rio antigo.[\/vc_column_text][\/vc_column][vc_column width=&#8221;5\/12&#8243; offset=&#8221;vc_col-sm-offset-1&#8243;][vc_single_image image=&#8221;261&#8243; img_size=&#8221;large&#8221; style=&#8221;xtd-shadow&#8211;normal-normal&#8221; el_class=&#8221;xtd-offset-frame&#8221;][\/vc_column][\/vc_row][vc_row full_width=&#8221;stretch_row&#8221; content_placement=&#8221;middle&#8221; curly_bg_repeat=&#8221;bg-no-repeat&#8221; curly_bg_position=&#8221;bg-pos-center-bottom&#8221; curly_padding=&#8221;content-padding-lg&#8221; css=&#8221;.vc_custom_1593560266808{padding-top: 0px !important;background-color: #f5f5f5 !important;background-position: center !important;background-repeat: no-repeat !important;background-size: cover !important;}&#8221;][vc_column width=&#8221;5\/12&#8243; offset=&#8221;vc_col-lg-offset-0 vc_col-md-offset-0 vc_col-sm-offset-0&#8243; css=&#8221;.vc_custom_1593560175647{padding-top: 0px !important;}&#8221;][vc_single_image image=&#8221;363&#8243; img_size=&#8221;large&#8221; style=&#8221;xtd-shadow&#8211;normal-normal&#8221; el_class=&#8221;xtd-offset-frame&#8221;][\/vc_column][vc_column width=&#8221;1\/2&#8243; offset=&#8221;vc_col-sm-offset-1&#8243;][vc_column_text]\n<p dir=\"auto\">No ano de 1994 iniciou o trabalho que se tornaria sua obra m\u00e1xima. Autodidata, iniciou os processos de aplica\u00e7\u00e3o dos azulejos na escadaria da rua Manoel Carneiro, que antes era conhecida como Escadaria do Convento de Santa Teresa. O processo se iniciou tamb\u00e9m com a instala\u00e7\u00e3o de um conjunto de banheiras (Conferir o n\u00famero de banheiras) que foram utilizadas como jardins. A escadaria foi definida pelo pr\u00f3prio Selar\u00f3n como \u201cminha homenagem ao povo brasileiro que at\u00e9 mesmo o grande Gaudi vai ficar com inveja\u201d. Se nos 215 degraus que se espalham em 125 metros de altura, o artista quis homenagear o Brasil, mas paredes laterais usou o vermelho, sua cor preferida e tamb\u00e9m cor da bandeira de seu pa\u00eds, o Chile.<\/p>\n<p dir=\"auto\">Selar\u00f3n viveu de vender sua arte que, gradativamente, crescia em import\u00e2ncia com o n\u00famero de turistas crescendo. Quando a escadaria apareceu em clipes musicais de artistas famosos, enciumado, arrancou alguns azulejos e demarcou o espa\u00e7o: Escadaria Selar\u00f3n, para que todos tivessem acesso a informa\u00e7\u00e3o, sua assinatura estava ali, para que todos pudessem ver e fotografar.<\/p>\n<p dir=\"auto\">Em 2004 Selar\u00f3n foi entrevistado por J\u00f4 Soares em seu programa noturno de entrevistas. Tal apari\u00e7\u00e3o ampliou a fama de Selar\u00f3n e da escadaria, que passou a ter um n\u00famero maior de turistas. O que acabou contribuindo para o tombamento provis\u00f3rio da escadaria. Por volta de 2012 a escadaria j\u00e1 havia se tornado um ponto famoso no turismo carioca. Selar\u00f3n havia se tornado figura conhecida nos jornais da \u00e9poca, todavia, a vida pessoal havia entrado em colapso.<\/p>\n<p dir=\"auto\">Selar\u00f3n foi encontrado morto na manh\u00e3, era quinta feira, 10 de janeiro de 2013. Uma investiga\u00e7\u00e3o foi iniciada pela Pol\u00edcia Civil na ocasi\u00e3o onde qualquer suspeita de assassinato foi descartada. A causa de sua morte foi apontada como suic\u00eddio pelos investigadores.<\/p>\n<p dir=\"auto\">Jorge Selar\u00f3n foi apontado como o maior artista popular do Rio por diversos sites da \u00e9poca que cobriam sua arte e o desenvolvimento de seu trabalho na escadaria, trabalho esse que o mesmo chamava de sua \u201cgrande loucura\u201d. Selar\u00f3n deixou uma marca profunda na cultura e na identidade do Rio de Janeiro. Construiu algo muito al\u00e9m do n\u00famero de degraus e da altura da escadaria. Deixou algo com a cara da cidade do Rio de Janeiro &#8211; algo mutante, an\u00e1rquico, que, ainda que estivesse ao alcance de todos, s\u00f3 pode ser sonhado e, dessa forma materializado, por ele.<\/p>\n[\/vc_column_text][\/vc_column][\/vc_row][vc_row full_width=&#8221;stretch_row&#8221; css=&#8221;.vc_custom_1600464124384{background-color: #f5f5f5 !important;}&#8221;][vc_column el_class=&#8221;col-center&#8221;][vc_btn title=&#8221;Sua hist\u00f3ria&#8221; size=&#8221;sm&#8221; css=&#8221;.vc_custom_1600464266201{margin-right: 10px !important;margin-left: 10px !important;}&#8221; link=&#8221;url:%23historia|||&#8221;][vc_btn title=&#8221;Selar\u00f3n e o Rio de Janeiro&#8221; size=&#8221;sm&#8221; css=&#8221;.vc_custom_1600464278172{margin-right: 10px !important;margin-left: 10px !important;}&#8221; link=&#8221;url:%23riodejaneiro|||&#8221;][vc_btn title=&#8221;A escadaria&#8221; size=&#8221;sm&#8221; css=&#8221;.vc_custom_1600464287667{margin-right: 10px !important;margin-left: 10px !important;}&#8221; link=&#8221;url:%23escadaria|||&#8221;][\/vc_column][\/vc_row][vc_row full_width=&#8221;stretch_row&#8221; curly_bg_repeat=&#8221;bg-no-repeat&#8221; curly_bg_position=&#8221;bg-pos-center-bottom&#8221; curly_bg_parallax=&#8221;true&#8221; curly_padding=&#8221;content-padding-lg&#8221; css=&#8221;.vc_custom_1600464257435{padding-top: 15% !important;background-position: center !important;background-repeat: no-repeat !important;background-size: cover !important;}&#8221; el_id=&#8221;historia&#8221;][vc_column][vc_column_text]\n<h1 class=\"display-2\" style=\"text-align: center;\">Sua hist\u00f3ria<\/h1>\n[\/vc_column_text][vc_empty_space height=&#8221;&#8221; el_class=&#8221;xtd-spacer&#8211;xl&#8221;]<div class='xtd-timeline '><div class='xtd-timeline__item' data-title='NASCIMENTO'>[vc_column_text css=&#8221;.vc_custom_1593560712674{margin-top: -3em !important;}&#8221; el_class=&#8221;z-index&#8211;1 color-primary&#8221;]<strong class=\"font-family--h1 display-1\">1947<\/strong>[\/vc_column_text][vc_column_text]\n<p class=\"lead-sm h1--font-family\">Nasce Jorge Em\u00edlio Perez Moralez, em Limache, Chile.<\/p>\n[\/vc_column_text][vc_empty_space height=&#8221;50px&#8221;]<\/div><div class='xtd-timeline__item' data-title=''>[vc_column_text css=&#8221;.vc_custom_1593560722718{margin-top: -3em !important;}&#8221; el_class=&#8221;z-index&#8211;1 color-primary&#8221;]<strong class=\"font-family--h1 display-1\">1957<\/strong>[\/vc_column_text][vc_column_text]\n<p class=\"lead-sm h1--font-family\">Primeira viagem internacional, para a Argentina, o pequeno Jorge se encanta e decide ali que iria conhecer o mundo.<\/p>\n[\/vc_column_text][vc_empty_space height=&#8221;50px&#8221;]<\/div><div class='xtd-timeline__item' data-title='Viaja para a Europa'>[vc_column_text css=&#8221;.vc_custom_1593608138249{margin-top: -3em !important;}&#8221; el_class=&#8221;z-index&#8211;1 color-primary&#8221;]<strong class=\"font-family--h1 display-1\">1964<\/strong>[\/vc_column_text][vc_column_text]\n<p class=\"lead-sm h1--font-family\">Com o objetivo de cumprir seus sonhos, viaja de maneira clandestina em um navio para a Europa.<\/p>\n[\/vc_column_text][vc_empty_space height=&#8221;50px&#8221;]<\/div><div class='xtd-timeline__item' data-title='Figura de mulher negra gr\u00e1vida'>[vc_single_image image=&#8221;367&#8243; img_size=&#8221;large&#8221; style=&#8221;xtd-shadow&#8211;normal-light&#8221; el_class=&#8221;xtd-offset-frame&#8221; css=&#8221;.vc_custom_1593608189669{margin-right: -6rem !important;}&#8221;][vc_column_text css=&#8221;.vc_custom_1593608154115{margin-top: -3em !important;}&#8221; el_class=&#8221;z-index&#8211;1 color-primary&#8221;]<strong class=\"font-family--h1 display-1\">1977<\/strong>[\/vc_column_text][vc_column_text]\n<p class=\"lead-sm h1--font-family\">Selar\u00f3n come\u00e7a a inserir a figura da mulher negra gr\u00e1vida em suas telas. Segundo o mesmo, por conta de uma quest\u00e3o pessoal que viveu e que o marcou profundamente.<\/p>\n[\/vc_column_text][vc_empty_space height=&#8221;50px&#8221;]<\/div><div class='xtd-timeline__item' data-title='Chegada ao Rio de Janeiro'>[vc_column_text css=&#8221;.vc_custom_1593608228985{margin-top: -3em !important;}&#8221; el_class=&#8221;z-index&#8211;1 color-primary&#8221;]<strong class=\"font-family--h1 display-1\">1983<\/strong>[\/vc_column_text][vc_column_text]\n<p class=\"lead-sm h1--font-family\">Selar\u00f3n chega ao Rio de Janeiro no dia 19 de setembro de 1983.<\/p>\n[\/vc_column_text][vc_empty_space height=&#8221;50px&#8221;]<\/div><div class='xtd-timeline__item' data-title=''>[vc_column_text css=&#8221;.vc_custom_1593608247336{margin-top: -3em !important;}&#8221; el_class=&#8221;z-index&#8211;1 color-primary&#8221;]<strong class=\"font-family--h1 display-1\">1990<\/strong>[\/vc_column_text][vc_column_text]\n<p class=\"lead-sm h1--font-family\">Se estabelece na Escadaria do Convento de Santa Teresa.<\/p>\n[\/vc_column_text][vc_empty_space height=&#8221;50px&#8221;]<\/div><div class='xtd-timeline__item' data-title='Inicio dos azulejos'>[vc_column_text css=&#8221;.vc_custom_1593608306784{margin-top: -3em !important;}&#8221; el_class=&#8221;z-index&#8211;1 color-primary&#8221;]<strong class=\"font-family--h1 display-1\">1994<\/strong>[\/vc_column_text][vc_column_text]\n<p class=\"lead-sm h1--font-family\">Inicia a aplica\u00e7\u00e3o dos azulejos na escadaria.<\/p>\n[\/vc_column_text]<\/div><div class='xtd-timeline__item' data-title='U2 grava clipe'>[vc_single_image image=&#8221;370&#8243; img_size=&#8221;large&#8221; style=&#8221;xtd-shadow&#8211;normal-light&#8221; el_class=&#8221;xtd-offset-frame&#8221; css=&#8221;.vc_custom_1593608340570{margin-right: -6rem !important;}&#8221;][vc_column_text css=&#8221;.vc_custom_1593608465666{margin-top: -3em !important;}&#8221; el_class=&#8221;z-index&#8211;1 color-primary&#8221;]<strong class=\"font-family--h1 display-1\">2000<\/strong>[\/vc_column_text][vc_column_text]\n<p class=\"lead-sm h1--font-family\">A banda irlandesa U2 lan\u00e7a a m\u00fasica Walk On, o clipe que s\u00f3 foi lan\u00e7ado um ano depois cont\u00e9m cenas da banda subindo a famosa escadaria da Lapa. \u00c9 nesse ano que Selar\u00f3n come\u00e7a a fazer a aplica\u00e7\u00e3o dos azulejos vermelhos nas paredes da escadaria.<\/p>\n[\/vc_column_text]<\/div><div class='xtd-timeline__item' data-title='Tombamento hist\u00f3rico'>[vc_column_text css=&#8221;.vc_custom_1593608483318{margin-top: -3em !important;}&#8221; el_class=&#8221;z-index&#8211;1 color-primary&#8221;]<strong class=\"font-family--h1 display-1\">2005<\/strong>[\/vc_column_text][vc_column_text]\n<p class=\"lead-sm h1--font-family\">A escadaria se torna tombada, ainda que de maneira provis\u00f3ria, por for\u00e7a do Decreto n\u00famero 25273 de 19 de abril de 2005, por seu valor cultural.<\/p>\n[\/vc_column_text]<\/div><div class='xtd-timeline__item' data-title='Clipe ``Beautiful``'>[vc_single_image image=&#8221;368&#8243; img_size=&#8221;large&#8221; style=&#8221;xtd-shadow&#8211;normal-light&#8221; el_class=&#8221;xtd-offset-frame&#8221; css=&#8221;.vc_custom_1593608507969{margin-right: -6rem !important;}&#8221;][vc_column_text css=&#8221;.vc_custom_1593608499920{margin-top: -3em !important;}&#8221; el_class=&#8221;z-index&#8211;1 color-primary&#8221;]<strong class=\"font-family--h1 display-1\">2006<\/strong>[\/vc_column_text][vc_column_text]\n<p class=\"lead-sm h1--font-family\">O rapper Snoop Dogg gravou, ao lado de Pharrell Williams, o clipe Beautiful.<\/p>\n[\/vc_column_text]<\/div><div class='xtd-timeline__item' data-title='O Vermelho de Selar\u00f3n'>[vc_column_text css=&#8221;.vc_custom_1593608558794{margin-top: -3em !important;}&#8221; el_class=&#8221;z-index&#8211;1 color-primary&#8221;]<strong class=\"font-family--h1 display-1\">2010<\/strong>[\/vc_column_text][vc_column_text]\n<p class=\"lead-sm h1--font-family\">Foi gravado o curta metragem \u201cO Vermelho de Selar\u00f3n\u201d, com dire\u00e7\u00e3o, roteiro e montagem de Rafael Bacelar e Rodrigo Gomes, 2\u00ba lugar no Curta Criativo, 2010 e Melhor filme &#8211; I Festival Curta a id\u00e9ia, Rio de Janeiro, 2011.<\/p>\n[\/vc_column_text]<\/div><div class='xtd-timeline__item' data-title='Clipe ``Beautiful``'>[vc_single_image image=&#8221;366&#8243; img_size=&#8221;large&#8221; style=&#8221;xtd-shadow&#8211;normal-light&#8221; el_class=&#8221;xtd-offset-frame&#8221; css=&#8221;.vc_custom_1593608777307{margin-right: -6rem !important;}&#8221;][vc_column_text css=&#8221;.vc_custom_1593608595823{margin-top: -3em !important;}&#8221; el_class=&#8221;z-index&#8211;1 color-primary&#8221;]<strong class=\"font-family--h1 display-1\">2013<\/strong>[\/vc_column_text][vc_column_text]\n<p class=\"lead-sm h1--font-family\">O artista pl\u00e1stico \u00e9 encontrado morto na escadaria que leva seu nome. As investiga\u00e7\u00f5es que se sucederam ao fato apontam que o artista cometeu suic\u00eddio. Estava fechado ali o ciclo da Escadaria Selar\u00f3n.<\/p>\n[\/vc_column_text]<\/div><div class='xtd-timeline__item' data-title='Patrim\u00f4nio Cultural'>[vc_single_image image=&#8221;369&#8243; img_size=&#8221;large&#8221; style=&#8221;xtd-shadow&#8211;normal-light&#8221; el_class=&#8221;xtd-offset-frame&#8221; css=&#8221;.vc_custom_1593608791414{margin-right: -6rem !important;}&#8221;][vc_column_text css=&#8221;.vc_custom_1593608732614{margin-top: -3em !important;}&#8221; el_class=&#8221;z-index&#8211;1 color-primary&#8221;]<strong class=\"font-family--h1 display-1\">2015<\/strong>[\/vc_column_text][vc_column_text]\n<p class=\"lead-sm h1--font-family\">A Escadaria Selar\u00f3n se torna finalmente um Patrim\u00f4nio Cultural do Rio de Janeiro por for\u00e7a da lei municipal n\u00famero 5927 de 2015.<\/p>\n[\/vc_column_text]<\/div><div class='xtd-timeline__item' data-title='Ponto Tur\u00edstico'>[vc_column_text css=&#8221;.vc_custom_1593608746555{margin-top: -3em !important;}&#8221; el_class=&#8221;z-index&#8211;1 color-primary&#8221;]<strong class=\"font-family--h1 display-1\">2019<\/strong>[\/vc_column_text][vc_column_text]\n<p class=\"lead-sm h1--font-family\">A Escadaria \u00e9 reconhecida como o terceiro ponto tur\u00edstico mais visitado do Rio de Janeiro, ficando atr\u00e1s apenas do Corcovado e da Floresta da Tijuca.<\/p>\n[\/vc_column_text]<\/div><\/div>[\/vc_column][\/vc_row][vc_row full_width=&#8221;stretch_row&#8221; curly_bg_repeat=&#8221;bg-no-repeat&#8221; curly_bg_position=&#8221;bg-pos-center-bottom&#8221; curly_padding=&#8221;content-padding-lg&#8221; css=&#8221;.vc_custom_1600464186919{padding-top: 15% !important;background-color: #f5f5f5 !important;background-position: center !important;background-repeat: no-repeat !important;background-size: cover !important;}&#8221; el_id=&#8221;riodejaneiro&#8221;][vc_column width=&#8221;1\/2&#8243;][vc_column_text]\n<h1 class=\"display-3\">Selar\u00f3n e o Rio de Janeiro<\/h1>\n[\/vc_column_text][vc_empty_space height=&#8221;&#8221; el_class=&#8221;xtd-spacer&#8211;lg&#8221;][vc_column_text]\n<p dir=\"auto\">A rela\u00e7\u00e3o de Selar\u00f3n com o Rio de Janeiro sempre foi um ato constante de troca genu\u00edna entre o espa\u00e7o e o artista. Em mais de uma ocasi\u00e3o o artista deixou claro sua impress\u00e3o sobre a cidade que o acolheu:<\/p>\n<p dir=\"auto\"><em>O Rio [de Janeiro] \u00e9 a cidade mais bonita do mundo. N\u00e3o por sua beleza f\u00edsica, n\u00e3o precisa de sua beleza f\u00edsica. O Rio de Janeiro \u00e9 bonito por causa de sua gente, pelo jeito de ser do carioca, por que o jeito de ser do carioca s\u00f3 existe aqui, n\u00e3o existe em nenhum lugar do mundo. E aqui, no Rio, \u00e9 a \u00fanica cidade do mundo que tem 365 dias agrad\u00e1veis.<\/em><\/p>\n<p dir=\"auto\"><em>&#8211; Selar\u00f3n em entrevista ao document\u00e1rio \u201cA Grande Loucura\u201d.<\/em><\/p>\n<p dir=\"auto\">A gratid\u00e3o de Selar\u00f3n se tornou t\u00e3o grande que em 1990 come\u00e7ou a montar o que viria a se tornar maior obra fruto de seu talento e g\u00eanio criativo. O pr\u00f3prio deixou gravado no painel de azulejos que se encontra na base da escadaria o que sentia sobre a obra que constru\u00eda com suas pr\u00f3prias m\u00e3os e, ocasionalmente, com a ajuda de algumas pessoas amigas que vivenciavam a entrega de Selar\u00f3n com sua obra.<br \/>\nO painel que se encontra em dois idiomas, portugu\u00eas e ingl\u00eas, destaca logo no in\u00edcio a homenagem do artista:\u00a0<em>Esta obra de arte come\u00e7ou no ano de 1990 como uma grande homenagem minha ao povo brasileiro, usando as cores da bandeira do Brasil, verde-azul-amarelo.<\/em>\u00a0Uma homenagem ao povo brasileiro, em especial, ao povo do Rio de Janeiro por quem foi acolhido. Essa quest\u00e3o pode ser percebida na azulejaria especialmente desenvolvida por Selar\u00f3n com a sua famosa\u00a0<em>mulher negra gr\u00e1vida<\/em>\u00a0em que deixa mensagens para famosos de todo o Brasil mas tamb\u00e9m para os diversos an\u00f4nimos que conviveram com ele na escadaria e o visitavam. A escadaria \u00e9 um presente do artista ao povo simples do Rio de Janeiro.[\/vc_column_text][\/vc_column][vc_column width=&#8221;5\/12&#8243; offset=&#8221;vc_col-sm-offset-1&#8243;][vc_single_image image=&#8221;365&#8243; img_size=&#8221;large&#8221; style=&#8221;xtd-shadow&#8211;normal-normal&#8221; el_class=&#8221;xtd-offset-frame&#8221;][\/vc_column][\/vc_row][vc_row full_width=&#8221;stretch_row&#8221; curly_bg_repeat=&#8221;bg-no-repeat&#8221; curly_bg_position=&#8221;bg-pos-center-bottom&#8221; curly_padding=&#8221;content-padding-lg&#8221; css=&#8221;.vc_custom_1600464223812{padding-top: 15% !important;background-color: #ffffff !important;background-position: center !important;background-repeat: no-repeat !important;background-size: cover !important;}&#8221; el_id=&#8221;escadaria&#8221;][vc_column width=&#8221;5\/12&#8243;][vc_single_image image=&#8221;387&#8243; img_size=&#8221;large&#8221; style=&#8221;xtd-shadow&#8211;normal-normal&#8221; el_class=&#8221;xtd-offset-frame&#8221;][\/vc_column][vc_column width=&#8221;1\/2&#8243; offset=&#8221;vc_col-sm-offset-1&#8243;][vc_column_text]\n<h1 class=\"display-3\">A escadaria<\/h1>\n[\/vc_column_text][vc_empty_space height=&#8221;&#8221; el_class=&#8221;xtd-spacer&#8211;lg&#8221;][vc_column_text]\n<p dir=\"auto\">O formato de escadaria pode confundir muitos mas ela \u00e9 um logradouro e tem nome oficial e todo o mais. Oficialmente ela \u00e9 a rua Manuel Carneiro, mas mesmo antes poucos conheciam ela por esse nome. Desde muito tempo a escadaria \u00e9 um dos acessos ao Convento de Santa Teresa, outro marco da hist\u00f3ria do Rio de Janeiro fundado em meados do s\u00e9culo XVIII pelas irm\u00e3s Jacinta Rodrigues Aires, a Madre Jacinta de S\u00e3o Jos\u00e9 e sua Francisca Rodrigues Aires ainda nos tempos do 1\u00ba Conde de Bobadela, o governador Gomes Freire. O tempo passou e o convento sempre marcou a paisagem da regi\u00e3o. Com os avan\u00e7os urban\u00edsticos na cidade, n\u00e3o demorou para ocorrerem reformas e a escadaria ganhar uma vers\u00e3o mais atualizada, em alvenaria. Em registros de 1950 a Escadaria do Convento j\u00e1 aparece em alvenaria.<\/p>\n<p dir=\"auto\">Mesmo no in\u00edcio anos 90 ela ainda era conhecida como Escadaria do Convento de Santa Teresa. Poucas pessoas conheciam ela pelo nome oficial. Com as obras sendo iniciadas por Selar\u00f3n, a escadaria come\u00e7ou a ganhar notoriedade, mas ainda assim, algo discreto. Em 2006 o rapper Snoop Dogg ao lado do tamb\u00e9m cantor e compositor Pharrell Williams, compuseram a m\u00fasica\u00a0<em>Beautiful<\/em>\u00a0e com isso, os olhares do mundo buscavam a escadaria, mas n\u00e3o a do convento, buscavam a escadaria onde o clipe do rapper foi gravado. As pessoas buscavam a\u00a0<em>Escadaria do Snoop Dogg<\/em>,<\/p>\n<p dir=\"auto\">Mas a Escadaria n\u00e3o era do rapper e Selar\u00f3n tratou de alterar a situa\u00e7\u00e3o. Num final de semana arrancou alguns azulejos do segundo lance da escadaria e escreveu a famosa apresenta\u00e7\u00e3o: Escadaria Selar\u00f3n. Se a escadaria tinha antes essa identifica\u00e7\u00e3o por estar hist\u00f3rica e geograficamente conectada ao hist\u00f3rico convento e depois, passou a homenagear alguma ilustre personalidade fluminense, com a grava\u00e7\u00e3o do clipe, Selar\u00f3n precisou assinar sua obra m\u00e1xima, sua grande loucura, mas entrar de uma vez por todas no imagin\u00e1rio da cidade do Rio de Janeiro e de todos os turistas que passaram por ela.<\/p>\n[\/vc_column_text][\/vc_column][\/vc_row][vc_row][vc_column][vc_btn title=&#8221;&#8221; size=&#8221;sm&#8221; i_icon_fontawesome=&#8221;fa fa-angle-double-up&#8221; add_icon=&#8221;true&#8221; link=&#8221;url:%23top|||&#8221; el_class=&#8221;btn-back-top&#8221;][\/vc_column][\/vc_row]\n","protected":false},"excerpt":{"rendered":"<p>[vc_row full_width=&#8221;stretch_row&#8221; curly_bg_repeat=&#8221;bg-no-repeat&#8221; curly_bg_position=&#8221;bg-pos-center-bottom&#8221; curly_padding=&#8221;content-padding-lg&#8221; css=&#8221;.vc_custom_1504179041831{padding-top: 15% !important;background-color: #f5f5f5 !important;background-position: center !important;background-repeat: no-repeat !important;background-size: cover !important;}&#8221;][vc_column width=&#8221;1\/2&#8243;][vc_column_text] Quem foi Selar\u00f3n [\/vc_column_text][vc_empty_space height=&#8221;&#8221; el_class=&#8221;xtd-spacer&#8211;lg&#8221;][vc_column_text] Jorge Em\u00edlio Perez Moralez, mais conhecido como Selar\u00f3n, foi um pintor e ceramista autodidata chileno nascido na regi\u00e3o de Limache em 1947 e falecido no Rio de Janeiro em janeiro de 2013, aos 66 anos de idade. [&hellip;]<\/p>\n","protected":false},"author":1,"featured_media":0,"parent":0,"menu_order":0,"comment_status":"closed","ping_status":"closed","template":"","meta":{"footnotes":""},"class_list":["post-80","page","type-page","status-publish","hentry"],"_links":{"self":[{"href":"https:\/\/selaron.omgfx.com.br\/index.php?rest_route=\/wp\/v2\/pages\/80","targetHints":{"allow":["GET"]}}],"collection":[{"href":"https:\/\/selaron.omgfx.com.br\/index.php?rest_route=\/wp\/v2\/pages"}],"about":[{"href":"https:\/\/selaron.omgfx.com.br\/index.php?rest_route=\/wp\/v2\/types\/page"}],"author":[{"embeddable":true,"href":"https:\/\/selaron.omgfx.com.br\/index.php?rest_route=\/wp\/v2\/users\/1"}],"replies":[{"embeddable":true,"href":"https:\/\/selaron.omgfx.com.br\/index.php?rest_route=%2Fwp%2Fv2%2Fcomments&post=80"}],"version-history":[{"count":32,"href":"https:\/\/selaron.omgfx.com.br\/index.php?rest_route=\/wp\/v2\/pages\/80\/revisions"}],"predecessor-version":[{"id":362,"href":"https:\/\/selaron.omgfx.com.br\/index.php?rest_route=\/wp\/v2\/pages\/80\/revisions\/362"}],"wp:attachment":[{"href":"https:\/\/selaron.omgfx.com.br\/index.php?rest_route=%2Fwp%2Fv2%2Fmedia&parent=80"}],"curies":[{"name":"wp","href":"https:\/\/api.w.org\/{rel}","templated":true}]}}