{"id":393,"date":"2020-07-02T09:38:49","date_gmt":"2020-07-02T12:38:49","guid":{"rendered":"https:\/\/selaron.omgfx.com.br\/?page_id=393"},"modified":"2025-10-15T15:44:39","modified_gmt":"2025-10-15T18:44:39","slug":"catalogo","status":"publish","type":"page","link":"https:\/\/selaron.omgfx.com.br\/?page_id=393","title":{"rendered":"Cat\u00e1logo de Pe\u00e7as"},"content":{"rendered":"[vc_row full_width=&#8221;stretch_row&#8221; content_placement=&#8221;middle&#8221; curly_bg_repeat=&#8221;bg-no-repeat&#8221; curly_bg_position=&#8221;bg-pos-center-bottom&#8221; curly_bg_parallax=&#8221;true&#8221; css=&#8221;.vc_custom_1504607792065{padding-top: 12rem !important;background-color: #f5f5f5 !important;background-position: center !important;background-repeat: no-repeat !important;background-size: cover !important;}&#8221;][vc_column width=&#8221;5\/12&#8243;][vc_column_text]\n<h1 class=\"display-1\"><small>CAT\u00c1LOGO DE PE\u00c7AS<\/small>Conhe\u00e7a nossa cole\u00e7\u00e3o<\/h1>\n<p>O trabalho de cataloga\u00e7\u00e3o previa dois desenvolvimentos distintos e concomitantes. O primeiro considerou a coleta de informa\u00e7\u00f5es sobre os 50 azulejos elencados para os processos de virtualiza\u00e7\u00e3o, a serem inclusos neste site.[\/vc_column_text][vc_row_inner][vc_column_inner][vc_btn title=&#8221;Explore a cole\u00e7\u00e3o&#8221; size=&#8221;sm&#8221; align=&#8221;left&#8221; link=&#8221;url:%23colecao|||&#8221;][vc_btn title=&#8221;Saiba mais sobre Tainacam&#8221; size=&#8221;sm&#8221; align=&#8221;left&#8221;][\/vc_column_inner][\/vc_row_inner][\/vc_column][vc_column width=&#8221;1\/2&#8243; offset=&#8221;vc_col-sm-offset-1&#8243;][vc_single_image image=&#8221;411&#8243; img_size=&#8221;full&#8221; style=&#8221;xtd-shadow&#8211;large-normal&#8221; onclick=&#8221;link_image&#8221; el_class=&#8221;xtd-offset-frame xtd-margin&#8211;bottom-3&#8243; css=&#8221;.vc_custom_1593694764107{margin-right: 4rem !important;}&#8221;][\/vc_column][\/vc_row][vc_row css=&#8221;.vc_custom_1600520726369{padding-bottom: 0px !important;}&#8221; el_id=&#8221;colecao&#8221;][vc_column][vc_column_text]\n<h2 class=\"display-3 special-title\" style=\"text-align: center;\"><small>EXPLORE<\/small> Nossa Cole\u00e7\u00e3o<\/h2>\n[\/vc_column_text][\/vc_column][\/vc_row][vc_row css=&#8221;.vc_custom_1600520750176{padding-top: 0px !important;}&#8221;][vc_column width=&#8221;1\/4&#8243;][vc_single_image image=&#8221;406&#8243; img_size=&#8221;full&#8221; alignment=&#8221;center&#8221; style=&#8221;vc_box_shadow_3d&#8221; onclick=&#8221;custom_link&#8221; link=&#8221;https:\/\/selaron.omgfx.com.br\/catalogo-de-pecas\/azulejo-001\/&#8221;][\/vc_column][vc_column width=&#8221;1\/4&#8243;][vc_single_image image=&#8221;407&#8243; img_size=&#8221;full&#8221; alignment=&#8221;center&#8221; style=&#8221;vc_box_shadow_3d&#8221; onclick=&#8221;custom_link&#8221; link=&#8221;https:\/\/selaron.omgfx.com.br\/catalogo-de-pecas\/azulejo-001\/&#8221;][\/vc_column][vc_column width=&#8221;1\/4&#8243;][vc_single_image image=&#8221;408&#8243; img_size=&#8221;full&#8221; alignment=&#8221;center&#8221; style=&#8221;vc_box_shadow_3d&#8221; onclick=&#8221;custom_link&#8221; link=&#8221;https:\/\/selaron.omgfx.com.br\/catalogo-de-pecas\/azulejo-001\/&#8221;][\/vc_column][vc_column width=&#8221;1\/4&#8243;][vc_single_image image=&#8221;409&#8243; img_size=&#8221;full&#8221; alignment=&#8221;center&#8221; style=&#8221;vc_box_shadow_3d&#8221; onclick=&#8221;custom_link&#8221; link=&#8221;https:\/\/selaron.omgfx.com.br\/catalogo-de-pecas\/azulejo-001\/&#8221;][\/vc_column][\/vc_row][vc_row][vc_column]\t\t<div class=\"wcs-timetable__wrapper\">\n\t\t\t<div class=\"wcs-vue\" id=\"wcs-app-5\"><\/div>\n\t\t<\/div>\n\t\t[\/vc_column][\/vc_row]\n","protected":false},"excerpt":{"rendered":"<p>[vc_row full_width=&#8221;stretch_row&#8221; content_placement=&#8221;middle&#8221; curly_bg_repeat=&#8221;bg-no-repeat&#8221; curly_bg_position=&#8221;bg-pos-center-bottom&#8221; curly_bg_parallax=&#8221;true&#8221; css=&#8221;.vc_custom_1504607792065{padding-top: 12rem !important;background-color: #f5f5f5 !important;background-position: center !important;background-repeat: no-repeat !important;background-size: cover !important;}&#8221;][vc_column width=&#8221;5\/12&#8243;][vc_column_text] CAT\u00c1LOGO DE PE\u00c7ASConhe\u00e7a nossa cole\u00e7\u00e3o O trabalho de cataloga\u00e7\u00e3o previa dois desenvolvimentos distintos e concomitantes. O primeiro considerou a coleta de informa\u00e7\u00f5es sobre os 50 azulejos elencados para os processos de virtualiza\u00e7\u00e3o, a serem inclusos neste site.[\/vc_column_text][vc_row_inner][vc_column_inner][vc_btn title=&#8221;Explore a cole\u00e7\u00e3o&#8221; size=&#8221;sm&#8221; align=&#8221;left&#8221; [&hellip;]<\/p>\n","protected":false},"author":1,"featured_media":0,"parent":0,"menu_order":0,"comment_status":"closed","ping_status":"closed","template":"","meta":{"footnotes":""},"class_list":["post-393","page","type-page","status-publish","hentry"],"_links":{"self":[{"href":"https:\/\/selaron.omgfx.com.br\/index.php?rest_route=\/wp\/v2\/pages\/393","targetHints":{"allow":["GET"]}}],"collection":[{"href":"https:\/\/selaron.omgfx.com.br\/index.php?rest_route=\/wp\/v2\/pages"}],"about":[{"href":"https:\/\/selaron.omgfx.com.br\/index.php?rest_route=\/wp\/v2\/types\/page"}],"author":[{"embeddable":true,"href":"https:\/\/selaron.omgfx.com.br\/index.php?rest_route=\/wp\/v2\/users\/1"}],"replies":[{"embeddable":true,"href":"https:\/\/selaron.omgfx.com.br\/index.php?rest_route=%2Fwp%2Fv2%2Fcomments&post=393"}],"version-history":[{"count":20,"href":"https:\/\/selaron.omgfx.com.br\/index.php?rest_route=\/wp\/v2\/pages\/393\/revisions"}],"predecessor-version":[{"id":510,"href":"https:\/\/selaron.omgfx.com.br\/index.php?rest_route=\/wp\/v2\/pages\/393\/revisions\/510"}],"wp:attachment":[{"href":"https:\/\/selaron.omgfx.com.br\/index.php?rest_route=%2Fwp%2Fv2%2Fmedia&parent=393"}],"curies":[{"name":"wp","href":"https:\/\/api.w.org\/{rel}","templated":true}]}}