{"id":210,"date":"2017-09-01T17:51:02","date_gmt":"2017-09-01T17:51:02","guid":{"rendered":"http:\/\/demo.curlythemes.com\/art-gallery-wp\/?page_id=2"},"modified":"2025-10-15T15:33:35","modified_gmt":"2025-10-15T18:33:35","slug":"home","status":"publish","type":"page","link":"https:\/\/selaron.omgfx.com.br\/","title":{"rendered":"Home"},"content":{"rendered":"[vc_row curly_padding=&#8221;content-padding-xl&#8221;][vc_column width=&#8221;2\/3&#8243; offset=&#8221;vc_col-sm-offset-2&#8243;][vc_column_text]\n<h1 class=\"special-title display-3\" style=\"text-align: center;\"><small>SOBRE O PROJETO<\/small> A cole\u00e7\u00e3o final de uma galeria de arte<\/h1>\n[\/vc_column_text][\/vc_column][vc_column width=&#8221;1\/3&#8243; offset=&#8221;vc_col-lg-offset-1 vc_col-lg-3&#8243;][vc_single_image image=&#8221;271&#8243; img_size=&#8221;full&#8221; el_class=&#8221;xtd-offset-frame&#8221;][\/vc_column][vc_column width=&#8221;2\/3&#8243; offset=&#8221;vc_col-lg-offset-1 vc_col-lg-6&#8243;][vc_column_text]\n<p class=\"lead2\">O Projeto visa elaborar um centro de interpreta\u00e7\u00e3o virtual sobre a obra do Artista Chileno Jorge Selar\u00f3n e a escadaria com o nome hom\u00f4nimo, objetivando a analise de suas cria\u00e7\u00f5es e o detalhamento de sua obra mais importante, a escadaria Selar\u00f3n, promovendo o levantamento detalhado dos azulejos que a comp\u00f5em.<\/p>\n<p class=\"lead2\">A Escadaria Selar\u00f3n \u00e9 uma obra arquitet\u00f4nica localizada entre os bairros de Santa Teresa e Lapa, no Rio de Janeiro &#8211; Brasil, decorada por este artista chileno radicado no Brasil de longa data, que a declarou como uma &#8220;homenagem ao povo brasileiro&#8221;.<\/p>\n[\/vc_column_text][vc_btn title=&#8221;Saiba mais sobre o projeto&#8221; style=&#8221;btn-outline-primary&#8221; size=&#8221;lg&#8221; i_align=&#8221;right&#8221; i_icon_fontawesome=&#8221;fa fa-long-arrow-right&#8221; add_icon=&#8221;true&#8221; link=&#8221;url:http%3A%2F%2Flocalhost%2Fselaron-wp%2Fo-projeto%2F|title:O%20Projeto||&#8221;][\/vc_column][\/vc_row][vc_row full_width=&#8221;stretch_row&#8221; gap=&#8221;35&#8243; curly_padding=&#8221;content-padding-lg&#8221; css=&#8221;.vc_custom_1582862994054{background-color: #f5f5f5 !important;}&#8221;][vc_column width=&#8221;2\/3&#8243; offset=&#8221;vc_col-sm-offset-2&#8243;][vc_column_text]\n<h1 class=\"special-title display-3\" style=\"text-align: center;\"><small>ETERNO PARA SEMPRE<\/small>Jorge Selar\u00f3n<\/h1>\n[\/vc_column_text][\/vc_column][vc_column width=&#8221;2\/3&#8243; offset=&#8221;vc_col-lg-offset-1 vc_col-lg-6&#8243;][vc_column_text]\n<p class=\"lead2\">Jorge Selar\u00f3n, pintor autodidata e ceramista, nascido no Chile (1947-2013). Sempre aventureiro, viajou por mais de 50 pa\u00edses at\u00e9 decidir que viveria no Brasil, mais precisamente no Rio de Janeiro. Sua maior e mais conhecida obra est\u00e1 na escadaria do Convento de Santa Teresa, no Rio de Janeiro, que teve seus 215 degraus e 125 metros decorados com mais de dois mil azulejos diferentes, provenientes dos quatro cantos do mundo, ganhando tom brasileiro com as cores da bandeira.<\/p>\n<p>Para realizar este incr\u00edvel projeto, o artista iniciou a constru\u00e7\u00e3o de um jardim suspenso constru\u00eddo com antigas banheiras decoradas por azulejos, que se transformaram nas bordas da escadaria. Ent\u00e3o come\u00e7ou a cobrir os 215 degraus com azulejos inteiros e peda\u00e7os. Quando n\u00e3o havia mais espa\u00e7o ele se divertia mudando as pe\u00e7as de lugar, fazendo desta escada uma imensa obra viva. Os azulejos foram trazidos de todas as partes do mundo, enviados por visitantes que como ele tamb\u00e9m amam a arte.[\/vc_column_text][vc_btn title=&#8221;Veja sua hist\u00f3ria&#8221; style=&#8221;btn-outline-primary&#8221; size=&#8221;lg&#8221; i_align=&#8221;right&#8221; i_icon_fontawesome=&#8221;fa fa-long-arrow-right&#8221; add_icon=&#8221;true&#8221; link=&#8221;url:http%3A%2F%2Flocalhost%2Fselaron-wp%2Fquem-foi-selaron%2F|title:Quem%20Foi%20Selar%C3%B3n||&#8221;][\/vc_column][vc_column width=&#8221;1\/3&#8243; offset=&#8221;vc_col-lg-offset-1 vc_col-lg-3&#8243;][vc_single_image image=&#8221;261&#8243; img_size=&#8221;full&#8221; el_class=&#8221;xtd-offset-frame&#8221;][vc_column_text]\n<p class=\"lead small\" style=\"text-align: center;\"><span style=\"color: #b89e4f;\">\u201cA escada \u00e9 algo que nunca vai ficar pronta. Ela vai ficar pronta no dia da minha morte, quando eu mesmo me transformar na pr\u00f3pria escada. Assim ficarei eterno para sempre\u201d<\/span><\/p>\n[\/vc_column_text][\/vc_column][\/vc_row][vc_row curly_padding=&#8221;content-padding-lg&#8221;][vc_column width=&#8221;1\/3&#8243;][vc_column_text]\n<h1>Conhe\u00e7a nossa Cole\u00e7\u00e3o<\/h1>\n[\/vc_column_text][vc_column_text el_class=&#8221;xtd-padding&#8211;right-2&#8243;]\n<p class=\"lead2\">O trabalho de cataloga\u00e7\u00e3o, proposto, prev\u00ea dois desenvolvimentos distintos e concomitantes.<\/p>\n<p class=\"lead2\">O primeiro considera a coleta de informa\u00e7\u00f5es sobre os 50 azulejos elencados para os processos de virtualiza\u00e7\u00e3o, a serem inclusos no site.<\/p>\n<p>O segundo, bem mais complexo, ser\u00e1 catalogar cada unidade azulejar do conjunto edificado da escadaria Selar\u00f3n, ou seja, al\u00e9m dos que est\u00e3o nos 215 degraus, ser\u00e3o identificados os que est\u00e3o assentes nos muros e banheiras.[\/vc_column_text][vc_btn title=&#8221;Catalogo de Pe\u00e7as&#8221; style=&#8221;btn-outline-primary&#8221; size=&#8221;lg&#8221; i_align=&#8221;right&#8221; i_icon_fontawesome=&#8221;fa fa-long-arrow-right&#8221; add_icon=&#8221;true&#8221; link=&#8221;url:http%3A%2F%2Flocalhost%2Fselaron-wp%2Fcatalogo-de-pecas%2F|title:Quem%20Foi%20Selar%C3%B3n||&#8221;][\/vc_column][vc_column width=&#8221;2\/3&#8243;][vc_single_image image=&#8221;345&#8243; img_size=&#8221;full&#8221;][\/vc_column][\/vc_row][vc_row full_width=&#8221;stretch_row&#8221; gap=&#8221;35&#8243; curly_padding=&#8221;content-padding-lg&#8221; css=&#8221;.vc_custom_1582862994054{background-color: #f5f5f5 !important;}&#8221;][vc_column width=&#8221;2\/3&#8243; offset=&#8221;vc_col-lg-offset-1 vc_col-lg-6&#8243;][vc_column_text]\n<h1 class=\"display-3\" style=\"text-align: left;\"><small>NO SEU CELULAR<\/small>Nome do App<\/h1>\n[\/vc_column_text][vc_column_text]\n<p class=\"lead2\">Tenha no seu celular as principais obras de Selar\u00f3n lorem ipsum dolor sit amet, consectetur adipiscing elit. Nam et orci sed dui consequat tempor nec vitae dui. Pellentesque ac tellus ornare, vestibulum neque sit amet, dignissim est.<\/p>\n[\/vc_column_text][vc_row_inner][vc_column_inner width=&#8221;1\/2&#8243;][vc_single_image image=&#8221;436&#8243; img_size=&#8221;full&#8221; onclick=&#8221;custom_link&#8221; link=&#8221;#&#8221;][\/vc_column_inner][vc_column_inner width=&#8221;1\/2&#8243;][vc_single_image image=&#8221;435&#8243; img_size=&#8221;full&#8221; onclick=&#8221;custom_link&#8221; link=&#8221;#&#8221;][\/vc_column_inner][\/vc_row_inner][\/vc_column][vc_column width=&#8221;1\/3&#8243; offset=&#8221;vc_col-lg-offset-1 vc_col-lg-3&#8243;][vc_single_image image=&#8221;437&#8243; img_size=&#8221;full&#8221;][\/vc_column][\/vc_row]\n","protected":false},"excerpt":{"rendered":"<p>[vc_row curly_padding=&#8221;content-padding-xl&#8221;][vc_column width=&#8221;2\/3&#8243; offset=&#8221;vc_col-sm-offset-2&#8243;][vc_column_text] SOBRE O PROJETO A cole\u00e7\u00e3o final de uma galeria de arte [\/vc_column_text][\/vc_column][vc_column width=&#8221;1\/3&#8243; offset=&#8221;vc_col-lg-offset-1 vc_col-lg-3&#8243;][vc_single_image image=&#8221;271&#8243; img_size=&#8221;full&#8221; el_class=&#8221;xtd-offset-frame&#8221;][\/vc_column][vc_column width=&#8221;2\/3&#8243; offset=&#8221;vc_col-lg-offset-1 vc_col-lg-6&#8243;][vc_column_text] O Projeto visa elaborar um centro de interpreta\u00e7\u00e3o virtual sobre a obra do Artista Chileno Jorge Selar\u00f3n e a escadaria com o nome hom\u00f4nimo, objetivando a analise de suas cria\u00e7\u00f5es e o detalhamento de sua [&hellip;]<\/p>\n","protected":false},"author":1,"featured_media":0,"parent":0,"menu_order":0,"comment_status":"closed","ping_status":"open","template":"","meta":{"footnotes":""},"class_list":["post-210","page","type-page","status-publish","hentry"],"_links":{"self":[{"href":"https:\/\/selaron.omgfx.com.br\/index.php?rest_route=\/wp\/v2\/pages\/210","targetHints":{"allow":["GET"]}}],"collection":[{"href":"https:\/\/selaron.omgfx.com.br\/index.php?rest_route=\/wp\/v2\/pages"}],"about":[{"href":"https:\/\/selaron.omgfx.com.br\/index.php?rest_route=\/wp\/v2\/types\/page"}],"author":[{"embeddable":true,"href":"https:\/\/selaron.omgfx.com.br\/index.php?rest_route=\/wp\/v2\/users\/1"}],"replies":[{"embeddable":true,"href":"https:\/\/selaron.omgfx.com.br\/index.php?rest_route=%2Fwp%2Fv2%2Fcomments&post=210"}],"version-history":[{"count":59,"href":"https:\/\/selaron.omgfx.com.br\/index.php?rest_route=\/wp\/v2\/pages\/210\/revisions"}],"predecessor-version":[{"id":444,"href":"https:\/\/selaron.omgfx.com.br\/index.php?rest_route=\/wp\/v2\/pages\/210\/revisions\/444"}],"wp:attachment":[{"href":"https:\/\/selaron.omgfx.com.br\/index.php?rest_route=%2Fwp%2Fv2%2Fmedia&parent=210"}],"curies":[{"name":"wp","href":"https:\/\/api.w.org\/{rel}","templated":true}]}}